{"id":832,"date":"2024-01-30T06:20:37","date_gmt":"2024-01-30T06:20:37","guid":{"rendered":"https:\/\/asblumenkron.com\/?page_id=832"},"modified":"2024-02-13T06:26:36","modified_gmt":"2024-02-13T06:26:36","slug":"sobre-mi","status":"publish","type":"page","link":"https:\/\/asblumenkron.com\/en\/sobre-mi\/","title":{"rendered":"About Me"},"content":{"rendered":"<div data-elementor-type=\"wp-page\" data-elementor-id=\"832\" class=\"elementor elementor-832\" data-elementor-post-type=\"page\">\n\t\t\t\t<div class=\"elementor-element elementor-element-0263b38 e-con-full e-flex elementor-invisible e-con e-parent\" data-id=\"0263b38\" data-element_type=\"container\" data-e-type=\"container\" data-settings=\"{&quot;shape_divider_bottom&quot;:&quot;waves&quot;,&quot;shape_divider_bottom_negative&quot;:&quot;yes&quot;,&quot;animation&quot;:&quot;fadeIn&quot;,&quot;animation_delay&quot;:200,&quot;animation_mobile&quot;:&quot;fadeIn&quot;}\">\n\t\t\t\t<div class=\"elementor-shape elementor-shape-bottom\" aria-hidden=\"true\" data-negative=\"true\">\n\t\t\t<svg xmlns=\"http:\/\/www.w3.org\/2000\/svg\" viewbox=\"0 0 1000 100\" preserveaspectratio=\"none\">\n\t<path class=\"elementor-shape-fill\" d=\"M790.5,93.1c-59.3-5.3-116.8-18-192.6-50c-29.6-12.7-76.9-31-100.5-35.9c-23.6-4.9-52.6-7.8-75.5-5.3\tc-10.2,1.1-22.6,1.4-50.1,7.4c-27.2,6.3-58.2,16.6-79.4,24.7c-41.3,15.9-94.9,21.9-134,22.6C72,58.2,0,25.8,0,25.8V100h1000V65.3\tc0,0-51.5,19.4-106.2,25.7C839.5,97,814.1,95.2,790.5,93.1z\"\/>\n<\/svg>\t\t<\/div>\n\t\t<div class=\"elementor-element elementor-element-8eb9f3f e-con-full e-flex e-con e-child\" data-id=\"8eb9f3f\" data-element_type=\"container\" data-e-type=\"container\">\n\t\t\t\t<\/div>\n\t\t<div class=\"elementor-element elementor-element-6a1ef90 e-con-full e-flex e-con e-child\" data-id=\"6a1ef90\" data-element_type=\"container\" data-e-type=\"container\">\n\t\t<div class=\"elementor-element elementor-element-fda9bad e-con-full e-flex e-con e-child\" data-id=\"fda9bad\" data-element_type=\"container\" data-e-type=\"container\">\n\t\t\t\t<\/div>\n\t\t\t\t<div class=\"elementor-element elementor-element-5f5db83 animated-slow elementor-invisible elementor-widget elementor-widget-heading\" data-id=\"5f5db83\" data-element_type=\"widget\" data-e-type=\"widget\" data-settings=\"{&quot;_animation&quot;:&quot;fadeInUp&quot;,&quot;_animation_delay&quot;:200}\" data-widget_type=\"heading.default\">\n\t\t\t\t<div class=\"elementor-widget-container\">\n\t\t\t\t\t<h2 class=\"elementor-heading-title elementor-size-default\">Who is\n<br>\nAndrea SBlumenkron?<\/h2>\t\t\t\t<\/div>\n\t\t\t\t<\/div>\n\t\t\t\t<\/div>\n\t\t\t\t<\/div>\n\t\t<div class=\"elementor-element elementor-element-657f6ff e-con-full e-flex elementor-invisible e-con e-parent\" data-id=\"657f6ff\" data-element_type=\"container\" data-e-type=\"container\" data-settings=\"{&quot;background_background&quot;:&quot;classic&quot;,&quot;animation&quot;:&quot;fadeIn&quot;,&quot;animation_mobile&quot;:&quot;fadeIn&quot;,&quot;animation_delay&quot;:200}\">\n\t\t<div class=\"elementor-element elementor-element-a070b50 e-con-full e-flex elementor-invisible e-con e-child\" data-id=\"a070b50\" data-element_type=\"container\" data-e-type=\"container\" data-settings=\"{&quot;animation&quot;:&quot;fadeInLeft&quot;,&quot;animation_delay&quot;:300,&quot;animation_mobile&quot;:&quot;fadeInLeft&quot;}\">\n\t\t\t\t<div class=\"elementor-element elementor-element-5f6b400 elementor-widget elementor-widget-image\" data-id=\"5f6b400\" data-element_type=\"widget\" data-e-type=\"widget\" data-widget_type=\"image.default\">\n\t\t\t\t<div class=\"elementor-widget-container\">\n\t\t\t\t\t\t\t\t\t\t\t\t\t\t\t<img fetchpriority=\"high\" decoding=\"async\" width=\"715\" height=\"1024\" src=\"https:\/\/asblumenkron.com\/wp-content\/uploads\/2024\/01\/amqs-715x1024.webp\" class=\"attachment-large size-large wp-image-836\" alt=\"\" srcset=\"https:\/\/asblumenkron.com\/wp-content\/uploads\/2024\/01\/amqs-715x1024.webp 715w, https:\/\/asblumenkron.com\/wp-content\/uploads\/2024\/01\/amqs-600x860.webp 600w, https:\/\/asblumenkron.com\/wp-content\/uploads\/2024\/01\/amqs-209x300.webp 209w, https:\/\/asblumenkron.com\/wp-content\/uploads\/2024\/01\/amqs-768x1100.webp 768w, https:\/\/asblumenkron.com\/wp-content\/uploads\/2024\/01\/amqs-1072x1536.webp 1072w, https:\/\/asblumenkron.com\/wp-content\/uploads\/2024\/01\/amqs.webp 1340w\" sizes=\"(max-width: 715px) 100vw, 715px\" \/>\t\t\t\t\t\t\t\t\t\t\t\t\t\t\t<\/div>\n\t\t\t\t<\/div>\n\t\t\t\t<\/div>\n\t\t<div class=\"elementor-element elementor-element-6827795 e-con-full e-flex elementor-invisible e-con e-child\" data-id=\"6827795\" data-element_type=\"container\" data-e-type=\"container\" data-settings=\"{&quot;background_background&quot;:&quot;classic&quot;,&quot;animation&quot;:&quot;fadeInRight&quot;,&quot;animation_delay&quot;:300,&quot;animation_mobile&quot;:&quot;fadeInRight&quot;}\">\n\t\t\t\t<div class=\"elementor-element elementor-element-8cfc273 elementor-widget elementor-widget-heading\" data-id=\"8cfc273\" data-element_type=\"widget\" data-e-type=\"widget\" data-widget_type=\"heading.default\">\n\t\t\t\t<div class=\"elementor-widget-container\">\n\t\t\t\t\t<h2 class=\"elementor-heading-title elementor-size-default\">Welcome to this space made exclusively with you in mind.\n<\/h2>\t\t\t\t<\/div>\n\t\t\t\t<\/div>\n\t\t\t\t<div class=\"elementor-element elementor-element-da614cd elementor-widget-divider--view-line elementor-widget elementor-widget-divider\" data-id=\"da614cd\" data-element_type=\"widget\" data-e-type=\"widget\" data-widget_type=\"divider.default\">\n\t\t\t\t<div class=\"elementor-widget-container\">\n\t\t\t\t\t\t\t<div class=\"elementor-divider\">\n\t\t\t<span class=\"elementor-divider-separator\">\n\t\t\t\t\t\t<\/span>\n\t\t<\/div>\n\t\t\t\t\t\t<\/div>\n\t\t\t\t<\/div>\n\t\t\t\t<div class=\"elementor-element elementor-element-88fe3b7 elementor-widget elementor-widget-text-editor\" data-id=\"88fe3b7\" data-element_type=\"widget\" data-e-type=\"widget\" data-widget_type=\"text-editor.default\">\n\t\t\t\t<div class=\"elementor-widget-container\">\n\t\t\t\t\t\t\t\t\t<p>I wanted to create a place that reflects my experience of so many years and so many people who have trusted me, but that also provides a timeless aspect where everyone can find something new that adds up and works for them, from beauty routines, personal care products that have worked 100% for me, designers or people that catch my attention, to podcasts, music, phrases or books that have left their mark on my profession or as a person.<\/p><p>By thinking of you, I want to propose innovative, high quality solutions that can help you make your life easier in a matter of minutes; I am always focused on elevating the essential in you and therefore in me.<\/p><p>My experience as a professional sylist has taught me the importance of attention to detail, each of my clients receives a personalized and exclusive experience where I listen carefully to their needs and aspirations to create an image that highlights their inner beauty to the outside, confidence and self-confidence.<\/p><p>As my professional career progresses, \"I am excited about the endless possibilities of continuing to inspire women through style, proving that fashion is a powerful tool to tell our story to the world.\"<\/p>\t\t\t\t\t\t\t\t<\/div>\n\t\t\t\t<\/div>\n\t\t\t\t<\/div>\n\t\t\t\t<\/div>\n\t\t\t\t<\/div>","protected":false},"excerpt":{"rendered":"<p>\u00bfQui\u00e9n es Andrea SBlumenkron? Bienvenida a este espacio hecho exclusivamente pensando en ti. Quer\u00eda crear un lugar que reflejara mi experiencia de tantos a\u00f1os y de much\u00edsimas personas que han confiado en m\u00ed, pero que tambi\u00e9n proporcione un aspecto atemporal en el que todo el mundo pueda encontrar algo nuevo que les sume y les [&hellip;]<\/p>\n","protected":false},"author":1,"featured_media":0,"parent":0,"menu_order":0,"comment_status":"closed","ping_status":"closed","template":"elementor_canvas","meta":{"_joinchat":[],"footnotes":""},"class_list":["post-832","page","type-page","status-publish","hentry","entry"],"_links":{"self":[{"href":"https:\/\/asblumenkron.com\/en\/wp-json\/wp\/v2\/pages\/832","targetHints":{"allow":["GET"]}}],"collection":[{"href":"https:\/\/asblumenkron.com\/en\/wp-json\/wp\/v2\/pages"}],"about":[{"href":"https:\/\/asblumenkron.com\/en\/wp-json\/wp\/v2\/types\/page"}],"author":[{"embeddable":true,"href":"https:\/\/asblumenkron.com\/en\/wp-json\/wp\/v2\/users\/1"}],"replies":[{"embeddable":true,"href":"https:\/\/asblumenkron.com\/en\/wp-json\/wp\/v2\/comments?post=832"}],"version-history":[{"count":196,"href":"https:\/\/asblumenkron.com\/en\/wp-json\/wp\/v2\/pages\/832\/revisions"}],"predecessor-version":[{"id":1664,"href":"https:\/\/asblumenkron.com\/en\/wp-json\/wp\/v2\/pages\/832\/revisions\/1664"}],"wp:attachment":[{"href":"https:\/\/asblumenkron.com\/en\/wp-json\/wp\/v2\/media?parent=832"}],"curies":[{"name":"wp","href":"https:\/\/api.w.org\/{rel}","templated":true}]}}