{"id":619,"date":"2024-01-26T22:30:21","date_gmt":"2024-01-26T22:30:21","guid":{"rendered":"https:\/\/asblumenkron.com\/?page_id=619"},"modified":"2024-02-18T06:15:42","modified_gmt":"2024-02-18T06:15:42","slug":"sesion-de-estilo-con-fotografia-profesional","status":"publish","type":"page","link":"https:\/\/asblumenkron.com\/en\/sesion-de-estilo-con-fotografia-profesional\/","title":{"rendered":"Styling Session with Professional Photography"},"content":{"rendered":"<div data-elementor-type=\"wp-page\" data-elementor-id=\"619\" class=\"elementor elementor-619\" data-elementor-post-type=\"page\">\n\t\t\t\t<div class=\"elementor-element elementor-element-804e10d e-con-full animated-slow e-flex elementor-invisible e-con e-parent\" data-id=\"804e10d\" data-element_type=\"container\" data-e-type=\"container\" data-settings=\"{&quot;background_background&quot;:&quot;classic&quot;,&quot;shape_divider_bottom&quot;:&quot;waves&quot;,&quot;shape_divider_bottom_negative&quot;:&quot;yes&quot;,&quot;animation&quot;:&quot;fadeIn&quot;,&quot;animation_delay&quot;:200}\">\n\t\t\t\t<div class=\"elementor-shape elementor-shape-bottom\" aria-hidden=\"true\" data-negative=\"true\">\n\t\t\t<svg xmlns=\"http:\/\/www.w3.org\/2000\/svg\" viewbox=\"0 0 1000 100\" preserveaspectratio=\"none\">\n\t<path class=\"elementor-shape-fill\" d=\"M790.5,93.1c-59.3-5.3-116.8-18-192.6-50c-29.6-12.7-76.9-31-100.5-35.9c-23.6-4.9-52.6-7.8-75.5-5.3\tc-10.2,1.1-22.6,1.4-50.1,7.4c-27.2,6.3-58.2,16.6-79.4,24.7c-41.3,15.9-94.9,21.9-134,22.6C72,58.2,0,25.8,0,25.8V100h1000V65.3\tc0,0-51.5,19.4-106.2,25.7C839.5,97,814.1,95.2,790.5,93.1z\"\/>\n<\/svg>\t\t<\/div>\n\t\t\t\t<\/div>\n\t\t<div class=\"elementor-element elementor-element-3f3ce6f animated-slow e-flex e-con-boxed elementor-invisible e-con e-parent\" data-id=\"3f3ce6f\" data-element_type=\"container\" data-e-type=\"container\" data-settings=\"{&quot;background_background&quot;:&quot;classic&quot;,&quot;animation&quot;:&quot;fadeIn&quot;,&quot;animation_delay&quot;:200}\">\n\t\t\t\t\t<div class=\"e-con-inner\">\n\t\t<div class=\"elementor-element elementor-element-9e7a547 e-con-full e-flex e-con e-child\" data-id=\"9e7a547\" data-element_type=\"container\" data-e-type=\"container\">\n\t\t\t\t<div class=\"elementor-element elementor-element-ce064eb animated-slow elementor-invisible elementor-widget elementor-widget-image\" data-id=\"ce064eb\" data-element_type=\"widget\" data-e-type=\"widget\" data-settings=\"{&quot;_animation&quot;:&quot;fadeInLeft&quot;,&quot;_animation_delay&quot;:200}\" data-widget_type=\"image.default\">\n\t\t\t\t<div class=\"elementor-widget-container\">\n\t\t\t\t\t\t\t\t\t\t\t\t\t\t\t<img fetchpriority=\"high\" decoding=\"async\" width=\"1000\" height=\"1000\" src=\"https:\/\/asblumenkron.com\/wp-content\/uploads\/2024\/01\/6.-Sesion-de-Estilo-con-Fotografia-Profesional.webp\" class=\"attachment-large size-large wp-image-362\" alt=\"\" srcset=\"https:\/\/asblumenkron.com\/wp-content\/uploads\/2024\/01\/6.-Sesion-de-Estilo-con-Fotografia-Profesional.webp 1000w, https:\/\/asblumenkron.com\/wp-content\/uploads\/2024\/01\/6.-Sesion-de-Estilo-con-Fotografia-Profesional-300x300.webp 300w, https:\/\/asblumenkron.com\/wp-content\/uploads\/2024\/01\/6.-Sesion-de-Estilo-con-Fotografia-Profesional-100x100.webp 100w, https:\/\/asblumenkron.com\/wp-content\/uploads\/2024\/01\/6.-Sesion-de-Estilo-con-Fotografia-Profesional-600x600.webp 600w, https:\/\/asblumenkron.com\/wp-content\/uploads\/2024\/01\/6.-Sesion-de-Estilo-con-Fotografia-Profesional-150x150.webp 150w, https:\/\/asblumenkron.com\/wp-content\/uploads\/2024\/01\/6.-Sesion-de-Estilo-con-Fotografia-Profesional-768x768.webp 768w\" sizes=\"(max-width: 1000px) 100vw, 1000px\" \/>\t\t\t\t\t\t\t\t\t\t\t\t\t\t\t<\/div>\n\t\t\t\t<\/div>\n\t\t\t\t<\/div>\n\t\t<div class=\"elementor-element elementor-element-7fa263b e-con-full e-flex e-con e-child\" data-id=\"7fa263b\" data-element_type=\"container\" data-e-type=\"container\">\n\t\t\t\t<div class=\"elementor-element elementor-element-ff4c749 animated-slow elementor-invisible elementor-widget elementor-widget-heading\" data-id=\"ff4c749\" data-element_type=\"widget\" data-e-type=\"widget\" data-settings=\"{&quot;_animation&quot;:&quot;fadeInRight&quot;,&quot;_animation_delay&quot;:300}\" data-widget_type=\"heading.default\">\n\t\t\t\t<div class=\"elementor-widget-container\">\n\t\t\t\t\t<h2 class=\"elementor-heading-title elementor-size-default\">Styling Session with Professional Photography<\/h2>\t\t\t\t<\/div>\n\t\t\t\t<\/div>\n\t\t\t\t<div class=\"elementor-element elementor-element-48b26a8 animated-slow elementor-widget-divider--view-line elementor-invisible elementor-widget elementor-widget-divider\" data-id=\"48b26a8\" data-element_type=\"widget\" data-e-type=\"widget\" data-settings=\"{&quot;_animation&quot;:&quot;fadeInRight&quot;,&quot;_animation_delay&quot;:400}\" data-widget_type=\"divider.default\">\n\t\t\t\t<div class=\"elementor-widget-container\">\n\t\t\t\t\t\t\t<div class=\"elementor-divider\">\n\t\t\t<span class=\"elementor-divider-separator\">\n\t\t\t\t\t\t<\/span>\n\t\t<\/div>\n\t\t\t\t\t\t<\/div>\n\t\t\t\t<\/div>\n\t\t\t\t<div class=\"elementor-element elementor-element-1e28364 animated-slow elementor-invisible elementor-widget elementor-widget-text-editor\" data-id=\"1e28364\" data-element_type=\"widget\" data-e-type=\"widget\" data-settings=\"{&quot;_animation&quot;:&quot;fadeInRight&quot;,&quot;_animation_delay&quot;:500}\" data-widget_type=\"text-editor.default\">\n\t\t\t\t<div class=\"elementor-widget-container\">\n\t\t\t\t\t\t\t\t\t<p>As you well know, social networks play a crucial role in our daily lives, and the ability to communicate our identity on a personal and professional level becomes essential.<\/p><p>In this photo shoot, we will merge the excellence of professional photography with a fashion styling approach, bringing to life your unique style and the personal strategy you wish to project. The goal is to capture the authentic essence of your beauty and your personal vision.<\/p><p>During this consultation, I will carry out an express styling, performing a quick color analysis, facial study and body type. These elements will be carefully integrated into each of the looks we will create during the photo shoot.<\/p><p>This consultancy has been a favorite among my clients and I am sure you will love it.<\/p><p>It will be an experience that will not only enhance your image, but also leave you satisfied with the final results.<\/p>\t\t\t\t\t\t\t\t<\/div>\n\t\t\t\t<\/div>\n\t\t<div class=\"elementor-element elementor-element-9c19db0 e-flex e-con-boxed e-con e-child\" data-id=\"9c19db0\" data-element_type=\"container\" data-e-type=\"container\">\n\t\t\t\t\t<div class=\"e-con-inner\">\n\t\t<div class=\"elementor-element elementor-element-2f9746e animated-slow e-flex e-con-boxed elementor-invisible e-con e-child\" data-id=\"2f9746e\" data-element_type=\"container\" data-e-type=\"container\" data-settings=\"{&quot;animation&quot;:&quot;fadeInRight&quot;,&quot;animation_delay&quot;:600}\">\n\t\t\t\t\t<div class=\"e-con-inner\">\n\t\t\t\t<div class=\"elementor-element elementor-element-6f6f91b elementor-align-center elementor-widget elementor-widget-button\" data-id=\"6f6f91b\" data-element_type=\"widget\" data-e-type=\"widget\" data-widget_type=\"button.default\">\n\t\t\t\t<div class=\"elementor-widget-container\">\n\t\t\t\t\t\t\t\t\t<div class=\"elementor-button-wrapper\">\n\t\t\t\t\t<a class=\"elementor-button elementor-button-link elementor-size-sm\" href=\"https:\/\/asblumenkron.com\/en\/?p=1911\">\n\t\t\t\t\t\t<span class=\"elementor-button-content-wrapper\">\n\t\t\t\t\t\t\t\t\t<span class=\"elementor-button-text\">Buy<\/span>\n\t\t\t\t\t<\/span>\n\t\t\t\t\t<\/a>\n\t\t\t\t<\/div>\n\t\t\t\t\t\t\t\t<\/div>\n\t\t\t\t<\/div>\n\t\t\t\t\t<\/div>\n\t\t\t\t<\/div>\n\t\t\t\t\t<\/div>\n\t\t\t\t<\/div>\n\t\t\t\t<\/div>\n\t\t\t\t\t<\/div>\n\t\t\t\t<\/div>\n\t\t<div class=\"elementor-element elementor-element-c778678 e-flex e-con-boxed e-con e-parent\" data-id=\"c778678\" data-element_type=\"container\" data-e-type=\"container\" data-settings=\"{&quot;background_background&quot;:&quot;classic&quot;,&quot;animation&quot;:&quot;none&quot;}\">\n\t\t\t\t\t<div class=\"e-con-inner\">\n\t\t<div class=\"elementor-element elementor-element-75a2875 e-con-full e-flex e-con e-child\" data-id=\"75a2875\" data-element_type=\"container\" data-e-type=\"container\">\n\t\t\t\t<div class=\"elementor-element elementor-element-abee7da elementor-position-inline-start elementor-view-framed elementor-shape-square elementor-widget elementor-widget-icon-box\" data-id=\"abee7da\" data-element_type=\"widget\" data-e-type=\"widget\" data-widget_type=\"icon-box.default\">\n\t\t\t\t<div class=\"elementor-widget-container\">\n\t\t\t\t\t\t\t<div class=\"elementor-icon-box-wrapper\">\n\n\t\t\t\t\t\t<div class=\"elementor-icon-box-icon\">\n\t\t\t\t<a href=\"https:\/\/asblumenkron.com\/en\/servicios\/\" class=\"elementor-icon\" tabindex=\"-1\" aria-label=\"All Services\">\n\t\t\t\t<svg aria-hidden=\"true\" class=\"e-font-icon-svg e-fas-arrow-left\" viewbox=\"0 0 448 512\" xmlns=\"http:\/\/www.w3.org\/2000\/svg\"><path d=\"M257.5 445.1l-22.2 22.2c-9.4 9.4-24.6 9.4-33.9 0L7 273c-9.4-9.4-9.4-24.6 0-33.9L201.4 44.7c9.4-9.4 24.6-9.4 33.9 0l22.2 22.2c9.5 9.5 9.3 25-.4 34.3L136.6 216H424c13.3 0 24 10.7 24 24v32c0 13.3-10.7 24-24 24H136.6l120.5 114.8c9.8 9.3 10 24.8.4 34.3z\"><\/path><\/svg>\t\t\t\t<\/a>\n\t\t\t<\/div>\n\t\t\t\n\t\t\t\t\t\t<div class=\"elementor-icon-box-content\">\n\n\t\t\t\t\t\t\t\t\t<h3 class=\"elementor-icon-box-title\">\n\t\t\t\t\t\t<a href=\"https:\/\/asblumenkron.com\/en\/servicios\/\" >\n\t\t\t\t\t\t\tAll Services\t\t\t\t\t\t<\/a>\n\t\t\t\t\t<\/h3>\n\t\t\t\t\n\t\t\t\t\n\t\t\t<\/div>\n\t\t\t\n\t\t<\/div>\n\t\t\t\t\t\t<\/div>\n\t\t\t\t<\/div>\n\t\t\t\t<\/div>\n\t\t<div class=\"elementor-element elementor-element-6b1c991 e-con-full e-flex e-con e-child\" data-id=\"6b1c991\" data-element_type=\"container\" data-e-type=\"container\">\n\t\t\t\t<\/div>\n\t\t\t\t\t<\/div>\n\t\t\t\t<\/div>\n\t\t\t\t<\/div>","protected":false},"excerpt":{"rendered":"<p>Sesi\u00f3n de Estilo con Fotograf\u00eda Profesional Como bien sabes, las redes sociales desempe\u00f1an un papel crucial en nuestra vida cotidiana, y la capacidad de comunicar nuestra identidad a nivel personal y profesional se vuelve esencial. En esta sesi\u00f3n de fotos, fusionaremos la excelencia de la fotograf\u00eda profesional con un enfoque de estilismo de moda, dando [&hellip;]<\/p>\n","protected":false},"author":1,"featured_media":0,"parent":0,"menu_order":0,"comment_status":"closed","ping_status":"closed","template":"elementor_canvas","meta":{"_joinchat":[],"footnotes":""},"class_list":["post-619","page","type-page","status-publish","hentry","entry"],"_links":{"self":[{"href":"https:\/\/asblumenkron.com\/en\/wp-json\/wp\/v2\/pages\/619","targetHints":{"allow":["GET"]}}],"collection":[{"href":"https:\/\/asblumenkron.com\/en\/wp-json\/wp\/v2\/pages"}],"about":[{"href":"https:\/\/asblumenkron.com\/en\/wp-json\/wp\/v2\/types\/page"}],"author":[{"embeddable":true,"href":"https:\/\/asblumenkron.com\/en\/wp-json\/wp\/v2\/users\/1"}],"replies":[{"embeddable":true,"href":"https:\/\/asblumenkron.com\/en\/wp-json\/wp\/v2\/comments?post=619"}],"version-history":[{"count":7,"href":"https:\/\/asblumenkron.com\/en\/wp-json\/wp\/v2\/pages\/619\/revisions"}],"predecessor-version":[{"id":1956,"href":"https:\/\/asblumenkron.com\/en\/wp-json\/wp\/v2\/pages\/619\/revisions\/1956"}],"wp:attachment":[{"href":"https:\/\/asblumenkron.com\/en\/wp-json\/wp\/v2\/media?parent=619"}],"curies":[{"name":"wp","href":"https:\/\/api.w.org\/{rel}","templated":true}]}}