{"id":1555,"date":"2024-02-08T00:02:34","date_gmt":"2024-02-08T00:02:34","guid":{"rendered":"https:\/\/asblumenkron.com\/?page_id=1555"},"modified":"2024-02-10T06:40:51","modified_gmt":"2024-02-10T06:40:51","slug":"elixir-de-curcuma","status":"publish","type":"page","link":"https:\/\/asblumenkron.com\/en\/elixir-de-curcuma\/","title":{"rendered":"Turmeric elixir"},"content":{"rendered":"<div data-elementor-type=\"wp-page\" data-elementor-id=\"1555\" class=\"elementor elementor-1555\" data-elementor-post-type=\"page\">\n\t\t\t\t<div class=\"elementor-element elementor-element-361e319 e-flex e-con-boxed e-con e-parent\" data-id=\"361e319\" data-element_type=\"container\" data-e-type=\"container\" data-settings=\"{&quot;background_background&quot;:&quot;classic&quot;}\">\n\t\t\t\t\t<div class=\"e-con-inner\">\n\t\t<div class=\"elementor-element elementor-element-a241b21 e-con-full animated-slow e-flex elementor-invisible e-con e-child\" data-id=\"a241b21\" data-element_type=\"container\" data-e-type=\"container\" data-settings=\"{&quot;background_background&quot;:&quot;classic&quot;,&quot;animation&quot;:&quot;fadeIn&quot;,&quot;animation_delay&quot;:1000}\">\n\t\t<div class=\"elementor-element elementor-element-83d0956 e-flex e-con-boxed e-con e-child\" data-id=\"83d0956\" data-element_type=\"container\" data-e-type=\"container\">\n\t\t\t\t\t<div class=\"e-con-inner\">\n\t\t\t\t<div class=\"elementor-element elementor-element-e7b9c78 elementor-widget elementor-widget-heading\" data-id=\"e7b9c78\" data-element_type=\"widget\" data-e-type=\"widget\" data-widget_type=\"heading.default\">\n\t\t\t\t<div class=\"elementor-widget-container\">\n\t\t\t\t\t<h2 class=\"elementor-heading-title elementor-size-default\">From Me<\/h2>\t\t\t\t<\/div>\n\t\t\t\t<\/div>\n\t\t\t\t\t<\/div>\n\t\t\t\t<\/div>\n\t\t<div class=\"elementor-element elementor-element-ac56779 e-flex e-con-boxed e-con e-child\" data-id=\"ac56779\" data-element_type=\"container\" data-e-type=\"container\">\n\t\t\t\t\t<div class=\"e-con-inner\">\n\t\t\t\t<div class=\"elementor-element elementor-element-7e4c4c6 elementor-widget elementor-widget-heading\" data-id=\"7e4c4c6\" data-element_type=\"widget\" data-e-type=\"widget\" data-widget_type=\"heading.default\">\n\t\t\t\t<div class=\"elementor-widget-container\">\n\t\t\t\t\t<h2 class=\"elementor-heading-title elementor-size-default\">To you<\/h2>\t\t\t\t<\/div>\n\t\t\t\t<\/div>\n\t\t\t\t\t<\/div>\n\t\t\t\t<\/div>\n\t\t\t\t<\/div>\n\t\t<div class=\"elementor-element elementor-element-1f4a97e e-con-full e-flex e-con e-child\" data-id=\"1f4a97e\" data-element_type=\"container\" data-e-type=\"container\">\n\t\t\t\t<\/div>\n\t\t\t\t\t<\/div>\n\t\t\t\t<\/div>\n\t\t<div class=\"elementor-element elementor-element-83afd14 e-flex e-con-boxed e-con e-parent\" data-id=\"83afd14\" data-element_type=\"container\" data-e-type=\"container\" data-settings=\"{&quot;background_background&quot;:&quot;classic&quot;}\">\n\t\t\t\t\t<div class=\"e-con-inner\">\n\t\t<div class=\"elementor-element elementor-element-93fb5f5 e-con-full e-flex elementor-invisible e-con e-child\" data-id=\"93fb5f5\" data-element_type=\"container\" data-e-type=\"container\" data-settings=\"{&quot;animation&quot;:&quot;fadeInLeft&quot;,&quot;animation_delay&quot;:200}\">\n\t\t\t\t<div class=\"elementor-element elementor-element-4b78c82 elementor-widget elementor-widget-image\" data-id=\"4b78c82\" data-element_type=\"widget\" data-e-type=\"widget\" data-widget_type=\"image.default\">\n\t\t\t\t<div class=\"elementor-widget-container\">\n\t\t\t\t\t\t\t\t\t\t\t\t\t\t\t<img fetchpriority=\"high\" decoding=\"async\" width=\"1024\" height=\"1024\" src=\"https:\/\/asblumenkron.com\/wp-content\/uploads\/2024\/02\/Elixir-de-Curcuma-1024x1024.webp\" class=\"attachment-large size-large wp-image-1576\" alt=\"\" srcset=\"https:\/\/asblumenkron.com\/wp-content\/uploads\/2024\/02\/Elixir-de-Curcuma-1024x1024.webp 1024w, https:\/\/asblumenkron.com\/wp-content\/uploads\/2024\/02\/Elixir-de-Curcuma-300x300.webp 300w, https:\/\/asblumenkron.com\/wp-content\/uploads\/2024\/02\/Elixir-de-Curcuma-150x150.webp 150w, https:\/\/asblumenkron.com\/wp-content\/uploads\/2024\/02\/Elixir-de-Curcuma-768x768.webp 768w, https:\/\/asblumenkron.com\/wp-content\/uploads\/2024\/02\/Elixir-de-Curcuma-600x600.webp 600w, https:\/\/asblumenkron.com\/wp-content\/uploads\/2024\/02\/Elixir-de-Curcuma-100x100.webp 100w, https:\/\/asblumenkron.com\/wp-content\/uploads\/2024\/02\/Elixir-de-Curcuma.webp 1080w\" sizes=\"(max-width: 1024px) 100vw, 1024px\" \/>\t\t\t\t\t\t\t\t\t\t\t\t\t\t\t<\/div>\n\t\t\t\t<\/div>\n\t\t\t\t<\/div>\n\t\t<div class=\"elementor-element elementor-element-2243346 e-con-full e-flex elementor-invisible e-con e-child\" data-id=\"2243346\" data-element_type=\"container\" data-e-type=\"container\" data-settings=\"{&quot;background_background&quot;:&quot;classic&quot;,&quot;animation&quot;:&quot;fadeInRight&quot;,&quot;animation_delay&quot;:200}\">\n\t\t\t\t<div class=\"elementor-element elementor-element-9574b0c elementor-widget elementor-widget-heading\" data-id=\"9574b0c\" data-element_type=\"widget\" data-e-type=\"widget\" data-widget_type=\"heading.default\">\n\t\t\t\t<div class=\"elementor-widget-container\">\n\t\t\t\t\t<h2 class=\"elementor-heading-title elementor-size-default\">Turmeric elixir<\/h2>\t\t\t\t<\/div>\n\t\t\t\t<\/div>\n\t\t\t\t<div class=\"elementor-element elementor-element-75d500e elementor-widget-divider--view-line elementor-widget elementor-widget-divider\" data-id=\"75d500e\" data-element_type=\"widget\" data-e-type=\"widget\" data-widget_type=\"divider.default\">\n\t\t\t\t<div class=\"elementor-widget-container\">\n\t\t\t\t\t\t\t<div class=\"elementor-divider\">\n\t\t\t<span class=\"elementor-divider-separator\">\n\t\t\t\t\t\t<\/span>\n\t\t<\/div>\n\t\t\t\t\t\t<\/div>\n\t\t\t\t<\/div>\n\t\t\t\t<div class=\"elementor-element elementor-element-464770a elementor-widget elementor-widget-text-editor\" data-id=\"464770a\" data-element_type=\"widget\" data-e-type=\"widget\" data-widget_type=\"text-editor.default\">\n\t\t\t\t<div class=\"elementor-widget-container\">\n\t\t\t\t\t\t\t\t\t<p>I want to give you an antioxidant powerhouse recipe.<br \/><br \/>It is no longer enough to drink warm water with lemon in the morning, now I want to share with you a recipe that is a powerful antioxidant if you drink it on an empty stomach.<br \/><br \/>Turmeric is a potent antioxidant, with an ORAC index of 159 277 (almost 10 times the value of a walnut), making it one of the 4 most powerful antioxidants that nature has to offer.<\/p><p>Prepare it as follows:<\/p><p>To 1 cup of hot water, you must add:<\/p><ul><li>Juice of 1 lemon<\/li><li>Ginger zest<\/li><li>A pinch of cinnamon<\/li><li>1\/2 tablespoon organic turmeric<\/li><li>3 cloves<\/li><li>A pinch of black pepper<\/li><\/ul><p>In order for the turmeric to be absorbed in a better way, it is important to add black pepper.<br \/><br \/>What is ORAC? It is the measure of a food's ability to attack free radicals in your body, the higher the ORAC score, the more antioxidant potential there is in that food.<br \/><br \/>I hope it works as well for you as it did for me.<\/p><p>Be consistent!<\/p>\t\t\t\t\t\t\t\t<\/div>\n\t\t\t\t<\/div>\n\t\t\t\t<\/div>\n\t\t\t\t\t<\/div>\n\t\t\t\t<\/div>\n\t\t\t\t<\/div>","protected":false},"excerpt":{"rendered":"<p>De M\u00ed Para ti Elixir de c\u00farcuma Te quiero regalar una receta poderosa en antioxidantes. Ya no s\u00f3lo es suficiente agua tibia con lim\u00f3n por las ma\u00f1anas, ahora te quiero compartir una receta que es un poderoso antioxidante si lo tomas en ayunas. La C\u00farcuma es un potente antioxidante, con un \u00edndice ORAC de 159 [&hellip;]<\/p>\n","protected":false},"author":1,"featured_media":0,"parent":0,"menu_order":0,"comment_status":"closed","ping_status":"closed","template":"elementor_canvas","meta":{"_joinchat":[],"footnotes":""},"class_list":["post-1555","page","type-page","status-publish","hentry","entry"],"_links":{"self":[{"href":"https:\/\/asblumenkron.com\/en\/wp-json\/wp\/v2\/pages\/1555","targetHints":{"allow":["GET"]}}],"collection":[{"href":"https:\/\/asblumenkron.com\/en\/wp-json\/wp\/v2\/pages"}],"about":[{"href":"https:\/\/asblumenkron.com\/en\/wp-json\/wp\/v2\/types\/page"}],"author":[{"embeddable":true,"href":"https:\/\/asblumenkron.com\/en\/wp-json\/wp\/v2\/users\/1"}],"replies":[{"embeddable":true,"href":"https:\/\/asblumenkron.com\/en\/wp-json\/wp\/v2\/comments?post=1555"}],"version-history":[{"count":52,"href":"https:\/\/asblumenkron.com\/en\/wp-json\/wp\/v2\/pages\/1555\/revisions"}],"predecessor-version":[{"id":1644,"href":"https:\/\/asblumenkron.com\/en\/wp-json\/wp\/v2\/pages\/1555\/revisions\/1644"}],"wp:attachment":[{"href":"https:\/\/asblumenkron.com\/en\/wp-json\/wp\/v2\/media?parent=1555"}],"curies":[{"name":"wp","href":"https:\/\/api.w.org\/{rel}","templated":true}]}}